{"id":2482,"date":"2022-02-16T09:15:59","date_gmt":"2022-02-16T08:15:59","guid":{"rendered":"http:\/\/bazawiedzy.muzeumpulaski.pl\/?page_id=2482"},"modified":"2022-03-29T12:55:42","modified_gmt":"2022-03-29T10:55:42","slug":"about-the-knowledge-base","status":"publish","type":"page","link":"https:\/\/bazawiedzy.muzeumpulaski.pl\/en\/about-the-knowledge-base\/","title":{"rendered":"ABOUT THE KNOWLEDGE BASE"},"content":{"rendered":"<p>[et_pb_section fb_built=&#8221;1&#8243; _builder_version=&#8221;4.15&#8243; _module_preset=&#8221;default&#8221; z_index=&#8221;1&#8243; custom_margin=&#8221;0px|0px|0px|0px|true|true&#8221; custom_padding=&#8221;0px|0px|0px|0px|true|true&#8221; global_colors_info=&#8221;{}&#8221; custom_css_main_element_last_edited=&#8221;on|tablet&#8221; custom_css_main_element_tablet=&#8221;overflow:hiden;&#8221; custom_css_main_element_phone=&#8221;overflow:hiden;&#8221;][et_pb_row column_structure=&#8221;2_3,1_3&#8243; use_custom_gutter=&#8221;on&#8221; gutter_width=&#8221;1&#8243; make_equal=&#8221;on&#8221; _builder_version=&#8221;4.15&#8243; _module_preset=&#8221;default&#8221; width=&#8221;100%&#8221; width_tablet=&#8221;80%&#8221; width_phone=&#8221;80%&#8221; width_last_edited=&#8221;on|tablet&#8221; max_width=&#8221;100%&#8221; module_alignment=&#8221;center&#8221; height=&#8221;100%&#8221; custom_margin=&#8221;0px|0px|0px|0px|true|true&#8221; custom_padding=&#8221;0px||0px||true|false&#8221; global_colors_info=&#8221;{}&#8221;][et_pb_column type=&#8221;2_3&#8243; _builder_version=&#8221;4.15&#8243; _module_preset=&#8221;default&#8221; custom_padding=&#8221;100px|60px|100px|60px|true|true&#8221; custom_padding_tablet=&#8221;0px|0px|50px|0px|false|true&#8221; custom_padding_phone=&#8221;0px|0px|50px|0px|false|true&#8221; custom_padding_last_edited=&#8221;on|tablet&#8221; global_colors_info=&#8221;{}&#8221;][et_pb_image src=&#8221;http:\/\/bazawiedzy.muzeumpulaski.pl\/wp-content\/uploads\/2022\/01\/palac-w-Winiarach-3.jpg&#8221; alt=&#8221;Muzeum im. Kazimierza Pu\u0142askiego w Warce, fotografia, 2 po\u0142. XX w.&#8221; title_text=&#8221;Muzeum im. Kazimierza Pu\u0142askiego w Warce, fotografia, 2 po\u0142. XX w.&#8221; disabled_on=&#8221;off|off|on&#8221; _builder_version=&#8221;4.15&#8243; _module_preset=&#8221;default&#8221; custom_margin=&#8221;||50px||false|false&#8221; custom_css_main_element=&#8221;width:130%;||margin-left:-15% !important;&#8221; global_colors_info=&#8221;{}&#8221;][\/et_pb_image][et_pb_text _builder_version=&#8221;4.15.0&#8243; _module_preset=&#8221;default&#8221; custom_margin=&#8221;||40px||false|false&#8221; hover_enabled=&#8221;0&#8243; global_colors_info=&#8221;{}&#8221; sticky_enabled=&#8221;0&#8243;]<\/p>\n<h1>About the knowledge base<\/h1>\n<p>[\/et_pb_text][et_pb_text _builder_version=&#8221;4.15.0&#8243; _module_preset=&#8221;default&#8221; text_line_height=&#8221;1.6em&#8221; text_orientation=&#8221;justified&#8221; custom_margin=&#8221;48px||50px||false|false&#8221; hover_enabled=&#8221;0&#8243; text_orientation_tablet=&#8221;left&#8221; text_orientation_phone=&#8221;&#8221; text_orientation_last_edited=&#8221;on|tablet&#8221; global_colors_info=&#8221;{}&#8221; sticky_enabled=&#8221;0&#8243;]<\/p>\n<p><strong>WARKA DATA LIBRARY is an integral part of the permanent exhibition entitled &#8220;Warka\u2013a place touched by history&#8221; at the Casimir Pulaski Museum in Warka.<\/strong><\/p>\n<p>[\/et_pb_text][et_pb_text _builder_version=&#8221;4.15.0&#8243; _module_preset=&#8221;default&#8221; text_line_height=&#8221;1.6em&#8221; text_orientation=&#8221;justified&#8221; custom_margin=&#8221;50px||||false|false&#8221; custom_padding=&#8221;3px||||false|false&#8221; hover_enabled=&#8221;0&#8243; text_orientation_tablet=&#8221;left&#8221; text_orientation_phone=&#8221;&#8221; text_orientation_last_edited=&#8221;on|tablet&#8221; custom_css_main_element=&#8221;width:100%;||overflow:hidden;&#8221; global_colors_info=&#8221;{}&#8221; sticky_enabled=&#8221;0&#8243;]<\/p>\n<p>Curator \/ Iwona Stefaniak<\/p>\n<p>Script and content by \/ Iwona Stefaniak, Karol Kucharski<\/p>\n<p>In cooperation with \/ Ewa Bajory\u0144ska, Janusz Kreczma\u0144ski, Bart\u0142omiej Kuna<\/p>\n<p>Expert consultant \/ Remigiusz Matyjas, PhD<\/p>\n<p>Translators \/ Joanna \u0141ukasiak-Ho\u0142ysz, Jacek Ho\u0142ysz<\/p>\n<p>&nbsp;<\/p>\n<p>Design \/ ARWENA \u2013 Ewa \u015awider-Grobelna, Nela Miko\u0142ajewicz, Anna Pa\u0142gan<\/p>\n<p>Supervisor \/ Ewa \u015awider-Grobelna<\/p>\n<p>&nbsp;<\/p>\n<p>The Exhibition takes advantage of exhibits and materials from:<\/p>\n<p>The Casimir Pulaski Museum in Warka<\/p>\n<p>The National Museum in Krak\u00f3w<\/p>\n<p>The National Museum in Wroc\u0142aw<\/p>\n<p>The National Museum in Warsaw<\/p>\n<p>The National Library in Warsaw<\/p>\n<p>The National Film Archive in Warsaw<\/p>\n<p>The Central Archives of Historical Records<\/p>\n<p>The National Library in Berlin, Germany<\/p>\n<p>The Mazovian Museum in P\u0142ock<\/p>\n<p>The Public Library in Warka<\/p>\n<p>St. Nicholas\u2018 Parish Church in Warka<\/p>\n<p>Church of Our Lady of the Scapular in Warka<\/p>\n<p>Warka Brewery<\/p>\n<p>Wiktor Krawczyk Polish Tourist and Sightseeing Society, Warka Branch<\/p>\n<p>Schools from Warka and its environs<\/p>\n<p>as well as from following individuals:<\/p>\n<p>Miros\u0142aw Bienias, Katarzyna Cieplak, Jan Dyga, Piotr Gawro\u0144ski, El\u017cbieta Grzelewska, W\u0142adys\u0142aw Gwardys, Andrzej Gut, Antoni Konowrocki, Hanna Kowalska, Wies\u0142aw Knyzio, Edward Koz\u0142owski, W\u0142adys\u0142aw Koz\u0142owski, Tadeusz Kulawik, Dorota Lenarczyk, Barbara Luks, Jadwiga Martyniak, Ewa Pawelczyk, Matylda Regulska, Daniel Sukniewicz, Konrad Tokarzewski, Karol Tudrej, Piotr Wojsa, Wies\u0142awa Zielonka.<\/p>\n<p>&nbsp;<\/p>\n<p>Photographs \/ Waldemar Tereszkiewicz, Janusz Kreczma\u0144ski, Igor Dziedzicki, Witold Batte, Waldemar D\u0105br\u00f3wka, Bart\u0142omij Kuna, Konrad S\u0119kowski, Andrzej Zar\u0119ba.<\/p>\n<p>Interviewees \/ <u>Wies\u0142aw Buczkowski, Marta Celary<\/u>, Antoni Grzelewski, <u>Edward Koz\u0142owski, W\u0142adys\u0142aw Koz\u0142owski, W\u0142adys\u0142aw Gwardys <\/u><\/p>\n<p>Expert Consultants on Medieval Swords \/ Jaros\u0142aw O\u015bci\u0142owski, PhD, Roman Postek with the Liwa Castle Armory Museum<\/p>\n<p>&nbsp;<\/p>\n<p>Compiled by \/ Ewa Bajory\u0144ska, Karol Kucharski, Bart\u0142omiej Kuna, Iwona Stefaniak<\/p>\n<p>Updated by (2021) \/ Piotr Kupnicki, Elwira Zawadzka, Kinga Kami\u0144ska<\/p>\n<p>HTML by \/ Pirsummedia<\/p>\n<p>The exhibition was funded in 2015 by the Polish Ministry of Culture and National Heritage.<\/p>\n<p>&nbsp;<\/p>\n<p>[\/et_pb_text][et_pb_image src=&#8221;http:\/\/bazawiedzy.muzeumpulaski.pl\/en\/wp-content\/uploads\/sites\/2\/2022\/02\/finansowanie.png&#8221; alt=&#8221;Ministra Kultury i Dziedzictwa Narodowego &#8221; title_text=&#8221;Ministra Kultury i Dziedzictwa Narodowego &#8221; _builder_version=&#8221;4.15&#8243; _module_preset=&#8221;default&#8221; max_width=&#8221;500px&#8221; custom_padding=&#8221;||24px|||&#8221; global_colors_info=&#8221;{}&#8221;][\/et_pb_image][et_pb_image src=&#8221;http:\/\/bazawiedzy.muzeumpulaski.pl\/en\/wp-content\/uploads\/sites\/2\/2022\/02\/herby-i-muzeum-1.png&#8221; alt=&#8221;herby i muzeum&#8221; title_text=&#8221;herby-i-muzeum&#8221; _builder_version=&#8221;4.15&#8243; _module_preset=&#8221;default&#8221; global_colors_info=&#8221;{}&#8221;][\/et_pb_image][et_pb_text _builder_version=&#8221;4.15.0&#8243; _module_preset=&#8221;default&#8221; text_line_height=&#8221;1.6em&#8221; text_orientation=&#8221;justified&#8221; custom_margin=&#8221;50px||||false|false&#8221; custom_padding=&#8221;||||false|false&#8221; hover_enabled=&#8221;0&#8243; text_orientation_tablet=&#8221;left&#8221; text_orientation_phone=&#8221;&#8221; text_orientation_last_edited=&#8221;on|tablet&#8221; custom_css_main_element=&#8221;width:100%;||overflow:hidden;&#8221; global_colors_info=&#8221;{}&#8221; sticky_enabled=&#8221;0&#8243;]<\/p>\n<p><strong>Sponsors<\/strong>\u00a0<\/p>\n<ul>\n<li>Grupa \u017bywiec SA\u2013Warka Brewery,<\/li>\n<li>Prima Sp. z o.o.,<\/li>\n<li>Warwin SA<\/li>\n<\/ul>\n<p>&nbsp;<\/p>\n<p>[\/et_pb_text][et_pb_image src=&#8221;http:\/\/bazawiedzy.muzeumpulaski.pl\/en\/wp-content\/uploads\/sites\/2\/2022\/02\/sponsorzy.png&#8221; alt=&#8221;sponsorzy&#8221; title_text=&#8221;sponsorzy&#8221; _builder_version=&#8221;4.15&#8243; _module_preset=&#8221;default&#8221; global_colors_info=&#8221;{}&#8221;][\/et_pb_image][et_pb_text _builder_version=&#8221;4.15&#8243; _module_preset=&#8221;default&#8221; custom_margin=&#8221;||50px||false|false&#8221; custom_padding=&#8221;98px|||||&#8221; custom_css_main_element=&#8221;width:100%;||overflow:hidden;||padding-top:50px;&#8221; global_colors_info=&#8221;{}&#8221;]<\/p>\n<p>The 2021 update of the Warka Data Library was co-financed by the Polish Ministry of Culture and National Heritage.<\/p>\n<p>[\/et_pb_text][et_pb_image src=&#8221;http:\/\/bazawiedzy.muzeumpulaski.pl\/en\/wp-content\/uploads\/sites\/2\/2022\/02\/finansowanie.png&#8221; alt=&#8221;Ministra Kultury i Dziedzictwa Narodowego &#8221; title_text=&#8221;Ministra Kultury i Dziedzictwa Narodowego &#8221; _builder_version=&#8221;4.15&#8243; _module_preset=&#8221;default&#8221; max_width=&#8221;500px&#8221; global_colors_info=&#8221;{}&#8221;][\/et_pb_image][\/et_pb_column][et_pb_column type=&#8221;1_3&#8243; _builder_version=&#8221;4.15&#8243; _module_preset=&#8221;default&#8221; global_colors_info=&#8221;{}&#8221;][et_pb_text disabled_on=&#8221;on|on|off&#8221; _builder_version=&#8221;4.15&#8243; _module_preset=&#8221;default&#8221; background_image=&#8221;http:\/\/bazawiedzy.muzeumpulaski.pl\/wp-content\/uploads\/2022\/01\/palac-w-Winiarach-3.jpg&#8221; position_origin_a=&#8221;top_right&#8221; position_origin_f=&#8221;top_right&#8221; width=&#8221;100%&#8221; min_height=&#8221;100vh&#8221; height=&#8221;100%&#8221; sticky_position=&#8221;top&#8221; custom_css_main_element=&#8221;background-size: auto 1300px;||background-position: top center;&#8221; global_colors_info=&#8221;{}&#8221;][\/et_pb_text][\/et_pb_column][\/et_pb_row][\/et_pb_section]<\/p>\n","protected":false},"excerpt":{"rendered":"<p>About the knowledge baseWARKA DATA LIBRARY is an integral part of the permanent exhibition entitled &#8220;Warka\u2013a place touched by history&#8221; at the Casimir Pulaski Museum in Warka.Curator \/ Iwona Stefaniak Script and content by \/ Iwona Stefaniak, Karol Kucharski In cooperation with \/ Ewa Bajory\u0144ska, Janusz Kreczma\u0144ski, Bart\u0142omiej Kuna Expert consultant \/ Remigiusz Matyjas, PhD [&hellip;]<\/p>\n","protected":false},"author":1,"featured_media":0,"parent":0,"menu_order":0,"comment_status":"closed","ping_status":"closed","template":"","meta":{"_et_pb_use_builder":"on","_et_pb_old_content":"","_et_gb_content_width":"","footnotes":""},"class_list":["post-2482","page","type-page","status-publish","hentry"],"yoast_head":"<!-- This site is optimized with the Yoast SEO plugin v27.1.1 - https:\/\/yoast.com\/product\/yoast-seo-wordpress\/ -->\n<title>ABOUT THE KNOWLEDGE BASE - Baza wiedzy EN<\/title>\n<meta name=\"robots\" content=\"index, follow, max-snippet:-1, max-image-preview:large, max-video-preview:-1\" \/>\n<link rel=\"canonical\" href=\"https:\/\/bazawiedzy.muzeumpulaski.pl\/en\/about-the-knowledge-base\/\" \/>\n<meta property=\"og:locale\" content=\"en_US\" \/>\n<meta property=\"og:type\" content=\"article\" \/>\n<meta property=\"og:title\" content=\"ABOUT THE KNOWLEDGE BASE - Baza wiedzy EN\" \/>\n<meta property=\"og:description\" content=\"About the knowledge baseWARKA DATA LIBRARY is an integral part of the permanent exhibition entitled &quot;Warka\u2013a place touched by history&quot; at the Casimir Pulaski Museum in Warka.Curator \/ Iwona Stefaniak Script and content by \/ Iwona Stefaniak, Karol Kucharski In cooperation with \/ Ewa Bajory\u0144ska, Janusz Kreczma\u0144ski, Bart\u0142omiej Kuna Expert consultant \/ Remigiusz Matyjas, PhD [&hellip;]\" \/>\n<meta property=\"og:url\" content=\"https:\/\/bazawiedzy.muzeumpulaski.pl\/en\/about-the-knowledge-base\/\" \/>\n<meta property=\"og:site_name\" content=\"Baza wiedzy EN\" \/>\n<meta property=\"article:modified_time\" content=\"2022-03-29T10:55:42+00:00\" \/>\n<meta name=\"twitter:card\" content=\"summary_large_image\" \/>\n<meta name=\"twitter:label1\" content=\"Est. reading time\" \/>\n\t<meta name=\"twitter:data1\" content=\"4 minutes\" \/>\n<script type=\"application\/ld+json\" class=\"yoast-schema-graph\">{\"@context\":\"https:\/\/schema.org\",\"@graph\":[{\"@type\":\"WebPage\",\"@id\":\"https:\/\/bazawiedzy.muzeumpulaski.pl\/en\/about-the-knowledge-base\/\",\"url\":\"https:\/\/bazawiedzy.muzeumpulaski.pl\/en\/about-the-knowledge-base\/\",\"name\":\"ABOUT THE KNOWLEDGE BASE - Baza wiedzy EN\",\"isPartOf\":{\"@id\":\"https:\/\/bazawiedzy.muzeumpulaski.pl\/en\/#website\"},\"datePublished\":\"2022-02-16T08:15:59+00:00\",\"dateModified\":\"2022-03-29T10:55:42+00:00\",\"breadcrumb\":{\"@id\":\"https:\/\/bazawiedzy.muzeumpulaski.pl\/en\/about-the-knowledge-base\/#breadcrumb\"},\"inLanguage\":\"en-US\",\"potentialAction\":[{\"@type\":\"ReadAction\",\"target\":[\"https:\/\/bazawiedzy.muzeumpulaski.pl\/en\/about-the-knowledge-base\/\"]}]},{\"@type\":\"BreadcrumbList\",\"@id\":\"https:\/\/bazawiedzy.muzeumpulaski.pl\/en\/about-the-knowledge-base\/#breadcrumb\",\"itemListElement\":[{\"@type\":\"ListItem\",\"position\":1,\"name\":\"Strona g\u0142\u00f3wna\",\"item\":\"https:\/\/bazawiedzy.muzeumpulaski.pl\/en\/\"},{\"@type\":\"ListItem\",\"position\":2,\"name\":\"ABOUT THE KNOWLEDGE BASE\"}]},{\"@type\":\"WebSite\",\"@id\":\"https:\/\/bazawiedzy.muzeumpulaski.pl\/en\/#website\",\"url\":\"https:\/\/bazawiedzy.muzeumpulaski.pl\/en\/\",\"name\":\"Baza wiedzy EN\",\"description\":\"\",\"potentialAction\":[{\"@type\":\"SearchAction\",\"target\":{\"@type\":\"EntryPoint\",\"urlTemplate\":\"https:\/\/bazawiedzy.muzeumpulaski.pl\/en\/?s={search_term_string}\"},\"query-input\":{\"@type\":\"PropertyValueSpecification\",\"valueRequired\":true,\"valueName\":\"search_term_string\"}}],\"inLanguage\":\"en-US\"}]}<\/script>\n<!-- \/ Yoast SEO plugin. -->","yoast_head_json":{"title":"ABOUT THE KNOWLEDGE BASE - Baza wiedzy EN","robots":{"index":"index","follow":"follow","max-snippet":"max-snippet:-1","max-image-preview":"max-image-preview:large","max-video-preview":"max-video-preview:-1"},"canonical":"https:\/\/bazawiedzy.muzeumpulaski.pl\/en\/about-the-knowledge-base\/","og_locale":"en_US","og_type":"article","og_title":"ABOUT THE KNOWLEDGE BASE - Baza wiedzy EN","og_description":"About the knowledge baseWARKA DATA LIBRARY is an integral part of the permanent exhibition entitled \"Warka\u2013a place touched by history\" at the Casimir Pulaski Museum in Warka.Curator \/ Iwona Stefaniak Script and content by \/ Iwona Stefaniak, Karol Kucharski In cooperation with \/ Ewa Bajory\u0144ska, Janusz Kreczma\u0144ski, Bart\u0142omiej Kuna Expert consultant \/ Remigiusz Matyjas, PhD [&hellip;]","og_url":"https:\/\/bazawiedzy.muzeumpulaski.pl\/en\/about-the-knowledge-base\/","og_site_name":"Baza wiedzy EN","article_modified_time":"2022-03-29T10:55:42+00:00","twitter_card":"summary_large_image","twitter_misc":{"Est. reading time":"4 minutes"},"schema":{"@context":"https:\/\/schema.org","@graph":[{"@type":"WebPage","@id":"https:\/\/bazawiedzy.muzeumpulaski.pl\/en\/about-the-knowledge-base\/","url":"https:\/\/bazawiedzy.muzeumpulaski.pl\/en\/about-the-knowledge-base\/","name":"ABOUT THE KNOWLEDGE BASE - Baza wiedzy EN","isPartOf":{"@id":"https:\/\/bazawiedzy.muzeumpulaski.pl\/en\/#website"},"datePublished":"2022-02-16T08:15:59+00:00","dateModified":"2022-03-29T10:55:42+00:00","breadcrumb":{"@id":"https:\/\/bazawiedzy.muzeumpulaski.pl\/en\/about-the-knowledge-base\/#breadcrumb"},"inLanguage":"en-US","potentialAction":[{"@type":"ReadAction","target":["https:\/\/bazawiedzy.muzeumpulaski.pl\/en\/about-the-knowledge-base\/"]}]},{"@type":"BreadcrumbList","@id":"https:\/\/bazawiedzy.muzeumpulaski.pl\/en\/about-the-knowledge-base\/#breadcrumb","itemListElement":[{"@type":"ListItem","position":1,"name":"Strona g\u0142\u00f3wna","item":"https:\/\/bazawiedzy.muzeumpulaski.pl\/en\/"},{"@type":"ListItem","position":2,"name":"ABOUT THE KNOWLEDGE BASE"}]},{"@type":"WebSite","@id":"https:\/\/bazawiedzy.muzeumpulaski.pl\/en\/#website","url":"https:\/\/bazawiedzy.muzeumpulaski.pl\/en\/","name":"Baza wiedzy EN","description":"","potentialAction":[{"@type":"SearchAction","target":{"@type":"EntryPoint","urlTemplate":"https:\/\/bazawiedzy.muzeumpulaski.pl\/en\/?s={search_term_string}"},"query-input":{"@type":"PropertyValueSpecification","valueRequired":true,"valueName":"search_term_string"}}],"inLanguage":"en-US"}]}},"_links":{"self":[{"href":"https:\/\/bazawiedzy.muzeumpulaski.pl\/en\/wp-json\/wp\/v2\/pages\/2482","targetHints":{"allow":["GET"]}}],"collection":[{"href":"https:\/\/bazawiedzy.muzeumpulaski.pl\/en\/wp-json\/wp\/v2\/pages"}],"about":[{"href":"https:\/\/bazawiedzy.muzeumpulaski.pl\/en\/wp-json\/wp\/v2\/types\/page"}],"author":[{"embeddable":true,"href":"https:\/\/bazawiedzy.muzeumpulaski.pl\/en\/wp-json\/wp\/v2\/users\/1"}],"replies":[{"embeddable":true,"href":"https:\/\/bazawiedzy.muzeumpulaski.pl\/en\/wp-json\/wp\/v2\/comments?post=2482"}],"version-history":[{"count":2,"href":"https:\/\/bazawiedzy.muzeumpulaski.pl\/en\/wp-json\/wp\/v2\/pages\/2482\/revisions"}],"predecessor-version":[{"id":3798,"href":"https:\/\/bazawiedzy.muzeumpulaski.pl\/en\/wp-json\/wp\/v2\/pages\/2482\/revisions\/3798"}],"wp:attachment":[{"href":"https:\/\/bazawiedzy.muzeumpulaski.pl\/en\/wp-json\/wp\/v2\/media?parent=2482"}],"curies":[{"name":"wp","href":"https:\/\/api.w.org\/{rel}","templated":true}]}}